{"id":282,"date":"2024-04-18T10:54:24","date_gmt":"2024-04-18T10:54:24","guid":{"rendered":"http:\/\/192.168.1.95\/wordpress\/?page_id=282"},"modified":"2025-10-17T11:55:15","modified_gmt":"2025-10-17T11:55:15","slug":"schweine","status":"publish","type":"page","link":"https:\/\/gruenland.it\/it\/schweine\/","title":{"rendered":"SUINI"},"content":{"rendered":"<div class=\"\" style=\"\" >\n    \n    <section class=\"u-clearfix u-container-align-center u-image u-section-2\" id=\"sec-18a9\" data-image-width=\"1920\" data-image-height=\"768\" style=\"background-image: url(&quot;https:\/\/gruenland.it\/wp-content\/uploads\/2024\/11\/08076259b0eb9417feb7a581853e8d23dc929a5401b55ea1a77d981536688c1793692404b4fe91e47c624c764dd91c6b95cb5682c2174051c0662c_1280-1.jpg&quot;);\"><\/section>\n    <section class=\"u-clearfix u-section-3\" id=\"sec-294a\">\n      <h3 class=\"u-align-center u-text u-text-1\"> I NOSTRI MANGIMI DI QUALIT\u00c0 PER SUINI<span class=\"u-text-white\"><\/span>\n      <\/h3>\n      <p class=\"u-align-center u-text u-text-white u-text-2\"> Il successo nell'allevamento ovino inizia con la scelta del mangime giusto.  Nutrire i vostri animali in base alle loro esigenze garantisce un'alimentazione completa, mantiene la loro vitalit\u00e0 e apre la strada a prestazioni elevate.&nbsp;<br>\n        <br>Grazie alla nostra pluriennale esperienza e competenza, sappiamo di cosa hanno bisogno i vostri animali nella loro alimentazione quotidiana.\n      <\/p>\n      <div class=\"u-align-center u-shortcode u-shortcode-1\">\n\n <a href=\"\">\n          <img decoding=\"async\" src=\"https:\/\/gruenland.it\/wp-content\/uploads\/2024\/04\/schweine2.jpg\" alt=\"Download Italian PDF\">\n        <\/a>  \n      <\/div>\n    <\/section>\n    <section class=\"u-clearfix u-section-4\" id=\"sec-3f76\">\n      <div class=\"u-clearfix u-sheet u-valign-top-lg u-valign-top-md u-valign-top-sm u-sheet-1\">\n        <div class=\"custom-expanded data-layout-selected u-align-center u-clearfix u-layout-wrap u-layout-wrap-1\">\n          <div class=\"u-layout\">\n            <div class=\"u-layout-col\">\n              <div class=\"u-size-30\">\n                <div class=\"u-layout-row\">\n                  <div class=\"u-container-align-center u-container-style u-layout-cell u-size-30 u-layout-cell-1\">\n                    <div class=\"u-container-layout u-valign-middle u-container-layout-1\">\n                      <a href=\"https:\/\/gruenland.it\/it\/kontakt-form\/\" class=\"u-active-custom-color-22 u-align-center u-btn u-btn-round u-button-style u-custom-color-21 u-hover-custom-color-22 u-radius u-text-active-custom-color-23 u-text-custom-color-23 u-btn-1\"> Richieste? Domande?<\/a>\n                    <\/div>\n                  <\/div>\n                  <div class=\"u-container-align-center u-container-style u-layout-cell u-size-30 u-layout-cell-2\">\n                    <div class=\"u-container-layout u-valign-middle u-container-layout-2\">\n                      <a href=\"https:\/\/gruenland.it\/it\/berater\/\" class=\"u-active-custom-color-22 u-align-center u-btn u-btn-round u-button-style u-custom-color-21 u-hover-custom-color-22 u-radius u-text-active-custom-color-23 u-text-custom-color-23 u-btn-2\"> Consulente agricolo<\/a>\n                    <\/div>\n                  <\/div>\n                <\/div>\n              <\/div>\n              <div class=\"u-size-30\">\n                <div class=\"u-layout-row\">\n                  <div class=\"u-container-align-center u-container-style u-layout-cell u-size-30 u-layout-cell-3\">\n                    <div class=\"u-container-layout u-valign-middle-lg u-valign-middle-md u-valign-middle-sm u-valign-middle-xs u-container-layout-3\">\n                      <a href=\"https:\/\/agritura.com\/\" class=\"u-active-custom-color-22 u-align-center u-btn u-btn-round u-button-style u-custom-color-21 u-hover-custom-color-22 u-radius u-text-active-custom-color-23 u-text-custom-color-23 u-btn-3\">online shop <\/a>\n                    <\/div>\n                  <\/div>\n                  <div class=\"u-container-align-center u-container-style u-layout-cell u-size-30 u-layout-cell-4\">\n                    <div class=\"u-container-layout u-valign-middle u-container-layout-4\">\n                      <a href=\"https:\/\/api.whatsapp.com\/send\/?phone=393357492679&amp;text&amp;type=phone_number&amp;app_absent=0\" class=\"u-active-custom-color-22 u-align-center u-btn u-btn-round u-button-style u-custom-color-21 u-hover-custom-color-22 u-radius u-text-active-custom-color-23 u-text-custom-color-23 u-btn-4\">whatsap\u200bp<\/a>\n                    <\/div>\n                  <\/div>\n                <\/div>\n              <\/div>\n            <\/div>\n          <\/div>\n        <\/div>\n      <\/div>\n    <\/section>\n    \n    \n    \n    \n  \n<\/div>","protected":false},"excerpt":{"rendered":"<p>UNSERE QUALIT\u00c4TSFUTTER F\u00dcR SCHWEINE Der&nbsp;Erfolg in der&nbsp;Scheweinehaltung&nbsp;beginnt mit der&nbsp;Wahl des richtigen Futters.&nbsp; Eine&nbsp;bedarfsgerechte F\u00fctterun\u200bg&nbsp;sichert eine umfassende&nbsp;Ve\u200brsorgung&nbsp;der Tiere, erh\u00e4lt ihre&nbsp;Vitalit\u00e4t&nbsp;und ebnet den Weg f\u00fcr eine&nbsp;hohe&nbsp;Leistung&nbsp;.&nbsp; Durch unsere&nbsp;lang\u200bj\u00e4hrige Erfahrung und unser Know-how, wissen wir, was ihre Tiere bei der t\u00e4glichen F\u00fctterung ben\u00f6tigen. Anfrage? Fragen? Hof-Berater online shop whatsap\u200bp<\/p>","protected":false},"author":1,"featured_media":0,"parent":0,"menu_order":0,"comment_status":"closed","ping_status":"closed","template":"","meta":{"neve_meta_sidebar":"","neve_meta_container":"","neve_meta_enable_content_width":"","neve_meta_content_width":0,"neve_meta_title_alignment":"","neve_meta_author_avatar":"","neve_post_elements_order":"","neve_meta_disable_header":"","neve_meta_disable_footer":"","neve_meta_disable_title":"","footnotes":""},"class_list":["post-282","page","type-page","status-publish","hentry"],"_links":{"self":[{"href":"https:\/\/gruenland.it\/it\/wp-json\/wp\/v2\/pages\/282","targetHints":{"allow":["GET"]}}],"collection":[{"href":"https:\/\/gruenland.it\/it\/wp-json\/wp\/v2\/pages"}],"about":[{"href":"https:\/\/gruenland.it\/it\/wp-json\/wp\/v2\/types\/page"}],"author":[{"embeddable":true,"href":"https:\/\/gruenland.it\/it\/wp-json\/wp\/v2\/users\/1"}],"replies":[{"embeddable":true,"href":"https:\/\/gruenland.it\/it\/wp-json\/wp\/v2\/comments?post=282"}],"version-history":[{"count":13,"href":"https:\/\/gruenland.it\/it\/wp-json\/wp\/v2\/pages\/282\/revisions"}],"predecessor-version":[{"id":3676,"href":"https:\/\/gruenland.it\/it\/wp-json\/wp\/v2\/pages\/282\/revisions\/3676"}],"wp:attachment":[{"href":"https:\/\/gruenland.it\/it\/wp-json\/wp\/v2\/media?parent=282"}],"curies":[{"name":"wp","href":"https:\/\/api.w.org\/{rel}","templated":true}]}}